{"id":373,"date":"2018-11-26T12:45:57","date_gmt":"2018-11-26T12:45:57","guid":{"rendered":"https:\/\/websitedemos.net\/alex26\/?page_id=7"},"modified":"2023-04-14T08:57:09","modified_gmt":"2023-04-14T06:57:09","slug":"about","status":"publish","type":"page","link":"https:\/\/yamaha-music-school-saint-germain.fr\/site\/about\/","title":{"rendered":"ABOUT"},"content":{"rendered":"\n<section class=\"wp-block-uagb-section uagb-section__wrap uagb-section__background-image uagb-block-0f4256f7\"><div class=\"uagb-section__overlay\"><\/div><div class=\"uagb-section__inner-wrap\">\n<div class=\"wp-block-uagb-advanced-heading uagb-block-786fb691\"><h1 class=\"uagb-heading-text\"><\/h1><p class=\"uagb-desc-text\"><\/p><\/div>\n<\/div><\/section>\n\n\n\n<div style=\"height:50px\" aria-hidden=\"true\" class=\"wp-block-spacer\"><\/div>\n\n\n\n<center><iframe loading=\"lazy\" width=\"50%\" height=\"300\" src=\"https:\/\/www.youtube.com\/embed\/TzQPpkGaVaQ\" title=\"YouTube video player\" frameborder=\"0\" allow=\"accelerometer; autoplay; clipboard-write; encrypted-media; gyroscope; picture-in-picture; web-share\" allowfullscreen=\"\"><\/iframe><\/center>\n\n\n\n<div style=\"height:50px\" aria-hidden=\"true\" class=\"wp-block-spacer\"><\/div>\n\n\n\n<div class=\"wp-block-stackable-video-popup stk-block-video-popup stk-block stk-0eccf39\" data-video=\"http:\/\/yamaha-music-school-lille.fr\/site\/wp-content\/uploads\/2020\/02\/concept.m4v\" data-block-id=\"0eccf39\"><button class=\"stk-block-video-popup__overlay stk-row stk-inner-blocks stk-block-content stk-hover-parent\" aria-label=\"Play Video\">\n<div class=\"wp-block-stackable-icon stk-block-icon has-text-align-center stk-block stk-26b3487\" data-block-id=\"26b3487\"><span class=\"stk--svg-wrapper\"><div class=\"stk--inner-svg\"><svg style=\"height:0;width:0\"><defs><linearGradient id=\"linear-gradient-26b3487\" x1=\"0\" x2=\"100%\" y1=\"0\" y2=\"0\"><stop offset=\"0%\" style=\"stop-opacity:1;stop-color:var(--linear-gradient-26-b-3487-color-1)\"><\/stop><stop offset=\"100%\" style=\"stop-opacity:1;stop-color:var(--linear-gradient-26-b-3487-color-2)\"><\/stop><\/linearGradient><\/defs><\/svg><svg data-prefix=\"fas\" data-icon=\"play\" class=\"svg-inline--fa fa-play fa-w-14\" xmlns=\"http:\/\/www.w3.org\/2000\/svg\" viewBox=\"0 0 448 512\" aria-hidden=\"true\" width=\"32\" height=\"32\"><path fill=\"currentColor\" d=\"M424.4 214.7L72.4 6.6C43.8-10.3 0 6.1 0 47.9V464c0 37.5 40.7 60.1 72.4 41.3l352-208c31.4-18.5 31.5-64.1 0-82.6z\"><\/path><\/svg><\/div><\/span><\/div>\n\n\n\n<div class=\"wp-block-stackable-image stk-block-image stk-block stk-a83a709\" data-block-id=\"a83a709\"><style>.stk-a83a709 .stk-img-wrapper{width:50% !important}.stk-a83a709 .stk-img-wrapper img{border-radius:22px !important}<\/style><figure class=\"stk-img-wrapper stk-image--shape-stretch\"><img loading=\"lazy\" decoding=\"async\" class=\"stk-img wp-image-2038\" src=\"http:\/\/yamaha-music-school-saint-germain.fr\/site\/wp-content\/uploads\/2021\/12\/Icone-video-Bercy-Rond-noir.jpg\" width=\"1063\" height=\"484\" srcset=\"https:\/\/yamaha-music-school-saint-germain.fr\/site\/wp-content\/uploads\/2021\/12\/Icone-video-Bercy-Rond-noir.jpg 1063w, https:\/\/yamaha-music-school-saint-germain.fr\/site\/wp-content\/uploads\/2021\/12\/Icone-video-Bercy-Rond-noir-300x137.jpg 300w, https:\/\/yamaha-music-school-saint-germain.fr\/site\/wp-content\/uploads\/2021\/12\/Icone-video-Bercy-Rond-noir-1024x466.jpg 1024w, https:\/\/yamaha-music-school-saint-germain.fr\/site\/wp-content\/uploads\/2021\/12\/Icone-video-Bercy-Rond-noir-768x350.jpg 768w\" sizes=\"auto, (max-width: 1063px) 100vw, 1063px\" \/><\/figure><\/div>\n<\/button><\/div>\n\n\n\n<p class=\"has-text-align-center\"> <strong>Vid\u00e9o du cours JMC (piano d\u00e8s 4 ans)<\/strong> <\/p>\n\n\n\n<div class=\"wp-block-stackable-video-popup stk-block-video-popup stk-block stk-83b07d8\" data-video=\"https:\/\/youtu.be\/ehz82gm9zqI\" data-block-id=\"83b07d8\"><button class=\"stk-block-video-popup__overlay stk-row stk-inner-blocks stk-block-content stk-hover-parent\" aria-label=\"Play Video\">\n<div class=\"wp-block-stackable-icon stk-block-icon has-text-align-center stk-block stk-6c88885\" data-block-id=\"6c88885\"><span class=\"stk--svg-wrapper\"><div class=\"stk--inner-svg\"><svg style=\"height:0;width:0\"><defs><linearGradient id=\"linear-gradient-6c88885\" x1=\"0\" x2=\"100%\" y1=\"0\" y2=\"0\"><stop offset=\"0%\" style=\"stop-opacity:1;stop-color:var(--linear-gradient-6-c-88885-color-1)\"><\/stop><stop offset=\"100%\" style=\"stop-opacity:1;stop-color:var(--linear-gradient-6-c-88885-color-2)\"><\/stop><\/linearGradient><\/defs><\/svg><svg data-prefix=\"fas\" data-icon=\"play\" class=\"svg-inline--fa fa-play fa-w-14\" xmlns=\"http:\/\/www.w3.org\/2000\/svg\" viewBox=\"0 0 448 512\" aria-hidden=\"true\" width=\"32\" height=\"32\"><path fill=\"currentColor\" d=\"M424.4 214.7L72.4 6.6C43.8-10.3 0 6.1 0 47.9V464c0 37.5 40.7 60.1 72.4 41.3l352-208c31.4-18.5 31.5-64.1 0-82.6z\"><\/path><\/svg><\/div><\/span><\/div>\n\n\n\n<div class=\"wp-block-stackable-image stk-block-image stk-block stk-1cd494b\" data-block-id=\"1cd494b\"><style>.stk-1cd494b .stk-img-wrapper{width:50% !important}.stk-1cd494b .stk-img-wrapper img{border-radius:22px !important}<\/style><figure class=\"stk-img-wrapper stk-image--shape-stretch\"><img loading=\"lazy\" decoding=\"async\" class=\"stk-img wp-image-2039\" src=\"http:\/\/yamaha-music-school-saint-germain.fr\/site\/wp-content\/uploads\/2021\/12\/Icone-video-Maja-Michel-Rond-noir.jpg\" width=\"1063\" height=\"484\" srcset=\"https:\/\/yamaha-music-school-saint-germain.fr\/site\/wp-content\/uploads\/2021\/12\/Icone-video-Maja-Michel-Rond-noir.jpg 1063w, https:\/\/yamaha-music-school-saint-germain.fr\/site\/wp-content\/uploads\/2021\/12\/Icone-video-Maja-Michel-Rond-noir-300x137.jpg 300w, https:\/\/yamaha-music-school-saint-germain.fr\/site\/wp-content\/uploads\/2021\/12\/Icone-video-Maja-Michel-Rond-noir-1024x466.jpg 1024w, https:\/\/yamaha-music-school-saint-germain.fr\/site\/wp-content\/uploads\/2021\/12\/Icone-video-Maja-Michel-Rond-noir-768x350.jpg 768w\" sizes=\"auto, (max-width: 1063px) 100vw, 1063px\" \/><\/figure><\/div>\n<\/button><\/div>\n\n\n\n<p class=\"has-text-align-center\"> <strong>&nbsp;Ma vie en musique \u2013 interview de 2 anciens \u00e9l\u00e8ves du cours JMC<\/strong> <\/p>\n\n\n\n<h2 class=\"wp-block-heading\"><\/h2>\n\n\n\n<section class=\"wp-block-uagb-section uagb-section__wrap uagb-section__background-undefined uagb-block-27ee84b1\"><div class=\"uagb-section__overlay\"><\/div><div class=\"uagb-section__inner-wrap\">\n<p>Nous consid\u00e9rons que la pratique musicale devrait \u00eatre un \u00e9l\u00e9ment cl\u00e9 de l&rsquo;\u00e9ducation sociale. La musique contribue non seulement \u00e0 promouvoir les capacit\u00e9s \u00e9motionnelles et intellectuelles des enfants, mais aussi \u00e0 aider les jeunes \u00e0 acqu\u00e9rir les aptitudes sociales dont ils ont besoin pour s&rsquo;\u00e9panouir dans la vie. <br>Les programmes d&rsquo;enseignement de Yamaha sont soigneusement adapt\u00e9s \u00e0 l&rsquo;\u00e2ge de l&rsquo;enfant et \u00e0 son stade de d\u00e9veloppement physique, mental et \u00e9motionnel. Les \u00e9coles de musique de Yamaha suivent les principes d&rsquo;enseignement suivants&nbsp;: <\/p>\n\n\n\n<p><strong>Le rythme et la m\u00e9thode d&rsquo;acquisition de la parole et du langage chez les enfants<\/strong>&#8230;..<\/p>\n\n\n\n<p> &#8230;se refl\u00e8tent dans le style et le contenu de notre enseignement. Les enfants apprennent leur langue maternelle en l&rsquo;\u00e9coutant et en l&rsquo;imitant. Entre quatre et six ans, l&rsquo;audition des enfants se d\u00e9veloppe consid\u00e9rablement, et leur capacit\u00e9 \u00e0 diff\u00e9rencier les sons et les tonalit\u00e9s est cruciale, \u00e0 la fois pour l&rsquo;acquisition du langage et pour l&rsquo;\u00e9ducation musicale. Parce que cette \u00e9tape est si importante pour le d\u00e9veloppement ult\u00e9rieur des capacit\u00e9s musicales, les programmes de Yamaha mettent particuli\u00e8rement l&rsquo;accent sur la musicalisation des enfants. <\/p>\n\n\n\n<p><strong>Cours en collectif &#8230;..<\/strong><\/p>\n\n\n\n<p>&nbsp;&#8230;est un \u00e9l\u00e9ment cl\u00e9 du concept Yamaha. Notre programme d&rsquo;enseignement se concentre sur la cr\u00e9ation d&rsquo;une atmosph\u00e8re d&rsquo;apprentissage positive, en encourageant l&rsquo;int\u00e9r\u00eat pour l&rsquo;apprentissage de nouvelles choses et en utilisant tous nos sens pour ce faire. Les \u00e9l\u00e8ves ayant des connaissances et des habitudes d&rsquo;apprentissage diff\u00e9rentes, ils sont sollicit\u00e9s de mani\u00e8re individuelle ou collective. Ils d\u00e9couvrent leurs propres talents musicaux en apprenant de l&rsquo;autre et avec l&rsquo;autre et en s&rsquo;appuyant sur la motivation que procure le fait de jouer en groupe. Notre enseignement b\u00e9n\u00e9ficie de d\u00e9cennies d&rsquo;exp\u00e9riences \u00e0 travers le monde, et permet \u00e0 tous les membres du groupe de vivre des exp\u00e9riences musicales individuelles.<\/p>\n\n\n\n<p><strong>Favoriser la cr\u00e9ativit\u00e9&#8230;.<\/strong><\/p>\n\n\n\n<p>\n\n\n\n\n\n\n\n\n\n\n\n\n\n\n\n\n&#8230;est\nau c\u0153ur de la philosophie d&rsquo;enseignement des \u00e9coles de musique Yamaha. La\ncapacit\u00e9 de r\u00e9aliser ses propres id\u00e9es musicales exige une connaissance\napprofondie des r\u00e8gles et des codes de la musique. Nos le\u00e7ons d\u00e9veloppent et\n\u00e9largissent les comp\u00e9tences cr\u00e9atives telles que l&rsquo;improvisation, l&rsquo;arrangement\net la composition. Les \u00e9l\u00e8ves peuvent acc\u00e9der \u00e0 des outils d&rsquo;apprentissage\nadapt\u00e9s \u00e0 leur \u00e2ge pour les aider \u00e0 s&rsquo;entra\u00eener \u00e0 la maison et \u00e0 atteindre\nleurs objectifs d&rsquo;une fa\u00e7on amusante et agr\u00e9able.\n\n\n\n<\/p>\n<\/div><\/section>\n\n\n\n<section class=\"wp-block-uagb-section uagb-section__wrap uagb-section__background-image uagb-block-66f86aa3\"><div class=\"uagb-section__overlay\"><\/div><div class=\"uagb-section__inner-wrap\">\n<div class=\"wp-block-columns has-3-columns is-layout-flex wp-container-core-columns-is-layout-9d6595d7 wp-block-columns-is-layout-flex\">\n<div class=\"wp-block-column is-layout-flow wp-block-column-is-layout-flow\">\n<div class=\"wp-block-uagb-advanced-heading uagb-block-a8b59060\"><h4 class=\"uagb-heading-text\"><a href=\"http:\/\/yamaha-music-school-saint-germain.fr\/site\/junior-original-concert\/\">Junior original concert<\/a><\/h4><p class=\"uagb-desc-text\"> <\/p><\/div>\n\n\n\n<div class=\"wp-block-uagb-advanced-heading uagb-block-8629c626\"><h4 class=\"uagb-heading-text\"><a href=\"http:\/\/yamaha-music-school-saint-germain.fr\/site\/cours-2\/\">Examens de grade<\/a><\/h4><p class=\"uagb-desc-text\"> <\/p><\/div>\n\n\n\n<div class=\"wp-block-uagb-advanced-heading uagb-block-b3823b0f\"><h4 class=\"uagb-heading-text\"> <a href=\"http:\/\/yamaha-music-school-saint-germain.fr\/site\/contact\/\">Contact<\/a><\/h4><p class=\"uagb-desc-text\"> <\/p><\/div>\n\n\n\n<div class=\"wp-block-uagb-advanced-heading uagb-block-2384b8ba\"><h4 class=\"uagb-heading-text\"><a href=\"http:\/\/yamaha-music-school-saint-germain.fr\/site\/politique-de-confidentialite\/\">Mentions l\u00e9gales<\/a><\/h4><p class=\"uagb-desc-text\"> <\/p><\/div>\n\n\n\n<p><\/p>\n<\/div>\n\n\n\n<div class=\"wp-block-column is-layout-flow wp-block-column-is-layout-flow\">\n<div class=\"wp-block-uagb-advanced-heading uagb-block-57e26b17\"><h4 class=\"uagb-heading-text\"><a href=\"http:\/\/yamaha-music-school-saint-germain.fr\/site\/cours-pour-enfants\/\">Cours pour enfants<\/a><\/h4><p class=\"uagb-desc-text\">  <\/p><\/div>\n\n\n\n<div class=\"wp-block-uagb-advanced-heading uagb-block-cc231bc1\"><h4 class=\"uagb-heading-text\"><a href=\"http:\/\/yamaha-music-school-saint-germain.fr\/site\/piano\/\">Cours pour Adolescents \/ Adultes<\/a><\/h4><p class=\"uagb-desc-text\">  <\/p><\/div>\n\n\n\n<div class=\"wp-block-uagb-advanced-heading uagb-block-4c81b55f\"><h4 class=\"uagb-heading-text\"><a href=\"http:\/\/yamaha-music-school-saint-germain.fr\/site\/nos-professeurs\/\">Professeur<\/a><\/h4><p class=\"uagb-desc-text\">  <\/p><\/div>\n\n\n\n<div class=\"wp-block-uagb-advanced-heading uagb-block-6c4efeec\"><h4 class=\"uagb-heading-text\"><a href=\"http:\/\/yamaha-music-school-saint-germain.fr\/site\/contact\/\">Horaires<\/a><\/h4><p class=\"uagb-desc-text\">  <\/p><\/div>\n\n\n\n<p><\/p>\n<\/div>\n\n\n\n<div class=\"wp-block-column is-layout-flow wp-block-column-is-layout-flow\">\n<figure class=\"wp-block-image\"><img loading=\"lazy\" decoding=\"async\" width=\"628\" height=\"141\" src=\"http:\/\/yamaha-music-school-saint-germain.fr\/site\/wp-content\/uploads\/2019\/03\/yms_logo_big.png\" alt=\"\" class=\"wp-image-1050\" srcset=\"https:\/\/yamaha-music-school-saint-germain.fr\/site\/wp-content\/uploads\/2019\/03\/yms_logo_big.png 628w, https:\/\/yamaha-music-school-saint-germain.fr\/site\/wp-content\/uploads\/2019\/03\/yms_logo_big-300x67.png 300w\" sizes=\"auto, (max-width: 628px) 100vw, 628px\" \/><\/figure>\n\n\n\n<div class=\"wp-block-uagb-advanced-heading uagb-block-7a066e3e\"><h4 class=\"uagb-heading-text\">Contacts<\/h4><p class=\"uagb-desc-text\"> <\/p><\/div>\n\n\n\n<div class=\"wp-block-uagb-icon-list uagb-block-b1f2c710 uagb-icon-list__outer-wrap uagb-icon-list__layout-vertical uagb-icon-list__icon-at-top\"><div class=\"uagb-icon-list__wrap\">\n<div class=\"wp-block-uagb-icon-list-child uagb-block-a454a9aa uagb-icon-list-repeater uagb-icon-list__wrapper\"><span class=\"uagb-icon-list__source-wrap\"><svg xmlns=\"https:\/\/www.w3.org\/2000\/svg\" viewbox=\"0 0 384 512\"><path d=\"M168.3 499.2C116.1 435 0 279.4 0 192C0 85.96 85.96 0 192 0C298 0 384 85.96 384 192C384 279.4 267 435 215.7 499.2C203.4 514.5 180.6 514.5 168.3 499.2H168.3zM192 256C227.3 256 256 227.3 256 192C256 156.7 227.3 128 192 128C156.7 128 128 156.7 128 192C128 227.3 156.7 256 192 256z\"><\/path><\/svg><\/span><span class=\"uagb-icon-list__label\"> PIANOS DAUDE<br>11 rue du Vieil Abreuvoir<br>78100 Saint Germain en Laye <\/span><\/div>\n\n\n\n<div class=\"wp-block-uagb-icon-list-child uagb-block-4dd6c774 uagb-icon-list-repeater uagb-icon-list__wrapper\"><span class=\"uagb-icon-list__source-wrap\"><svg xmlns=\"https:\/\/www.w3.org\/2000\/svg\" viewbox=\"0 0 512 512\"><path d=\"M511.2 387l-23.25 100.8c-3.266 14.25-15.79 24.22-30.46 24.22C205.2 512 0 306.8 0 54.5c0-14.66 9.969-27.2 24.22-30.45l100.8-23.25C139.7-2.602 154.7 5.018 160.8 18.92l46.52 108.5c5.438 12.78 1.77 27.67-8.98 36.45L144.5 207.1c33.98 69.22 90.26 125.5 159.5 159.5l44.08-53.8c8.688-10.78 23.69-14.51 36.47-8.975l108.5 46.51C506.1 357.2 514.6 372.4 511.2 387z\"><\/path><\/svg><\/span><span class=\"uagb-icon-list__label\"> <strong>01 39 73 54 91<\/strong>  <\/span><\/div>\n\n\n\n<div class=\"wp-block-uagb-icon-list-child uagb-block-c6b54682 uagb-icon-list-repeater uagb-icon-list__wrapper\"><span class=\"uagb-icon-list__source-wrap\"><svg xmlns=\"https:\/\/www.w3.org\/2000\/svg\" viewbox=\"0 0 512 512\"><path d=\"M493.6 163c-24.88-19.62-45.5-35.37-164.3-121.6C312.7 29.21 279.7 0 256.4 0H255.6C232.3 0 199.3 29.21 182.6 41.38c-118.8 86.25-139.4 101.1-164.3 121.6C6.75 172 0 186 0 200.8v263.2C0 490.5 21.49 512 48 512h416c26.51 0 48-21.49 48-47.1V200.8C512 186 505.3 172 493.6 163zM303.2 367.5C289.1 378.5 272.5 384 256 384s-33.06-5.484-47.16-16.47L64 254.9V208.5c21.16-16.59 46.48-35.66 156.4-115.5c3.18-2.328 6.891-5.187 10.98-8.353C236.9 80.44 247.8 71.97 256 66.84c8.207 5.131 19.14 13.6 24.61 17.84c4.09 3.166 7.801 6.027 11.15 8.478C400.9 172.5 426.6 191.7 448 208.5v46.32L303.2 367.5z\"><\/path><\/svg><\/span><span class=\"uagb-icon-list__label\"> <a href=\"mailto:pianodaude@free.fr?subject=Depuis%20votre%20site\">pianodaude@free.fr<\/a> <a href=\"mailto:ymscolmar@gmail.com\"> <\/a> <\/span><\/div>\n<\/div><\/div>\n<\/div>\n<\/div>\n\n\n\n<div style=\"height:30px\" aria-hidden=\"true\" class=\"wp-block-spacer\"><\/div>\n\n\n\n<hr class=\"wp-block-separator is-style-wide\"\/>\n\n\n\n<div style=\"height:20px\" aria-hidden=\"true\" class=\"wp-block-spacer\"><\/div>\n\n\n\n<p><\/p>\n<\/div><\/section>\n\n\n\n<p><\/p>\n","protected":false},"excerpt":{"rendered":"<p>Vid\u00e9o du cours JMC (piano d\u00e8s 4 ans) &nbsp;Ma vie en musique \u2013 interview de 2 anciens \u00e9l\u00e8ves du cours JMC<\/p>\n","protected":false},"author":1,"featured_media":0,"parent":0,"menu_order":0,"comment_status":"closed","ping_status":"closed","template":"","meta":{"_uag_custom_page_level_css":"","site-sidebar-layout":"no-sidebar","site-content-layout":"page-builder","ast-main-header-display":"","ast-hfb-above-header-display":"","ast-hfb-below-header-display":"","ast-hfb-mobile-header-display":"","site-post-title":"disabled","ast-breadcrumbs-content":"","ast-featured-img":"disabled","footer-sml-layout":"","theme-transparent-header-meta":"enabled","adv-header-id-meta":"","stick-header-meta":"","header-above-stick-meta":"","header-main-stick-meta":"","header-below-stick-meta":"","_themeisle_gutenberg_block_has_review":false,"footnotes":""},"class_list":["post-373","page","type-page","status-publish","hentry"],"featured_image_urls_v2":{"full":"","thumbnail":"","medium":"","medium_large":"","large":"","1536x1536":"","2048x2048":""},"post_excerpt_stackable_v2":"<p>Vid\u00e9o du cours JMC (piano d\u00e8s 4 ans) &nbsp;Ma vie en musique \u2013 interview de 2 anciens \u00e9l\u00e8ves du cours JMC Nous consid\u00e9rons que la pratique musicale devrait \u00eatre un \u00e9l\u00e9ment cl\u00e9 de l&rsquo;\u00e9ducation sociale. La musique contribue non seulement \u00e0 promouvoir les capacit\u00e9s \u00e9motionnelles et intellectuelles des enfants, mais aussi \u00e0 aider les jeunes \u00e0 acqu\u00e9rir les aptitudes sociales dont ils ont besoin pour s&rsquo;\u00e9panouir dans la vie. Les programmes d&rsquo;enseignement de Yamaha sont soigneusement adapt\u00e9s \u00e0 l&rsquo;\u00e2ge de l&rsquo;enfant et \u00e0 son stade de d\u00e9veloppement physique, mental et \u00e9motionnel. Les \u00e9coles de musique de Yamaha suivent les principes\u2026<\/p>\n","category_list_v2":"","author_info_v2":{"name":"YMS DAUDE","url":"https:\/\/yamaha-music-school-saint-germain.fr\/site\/author\/jmgc59\/"},"comments_num_v2":"0 commentaire","uagb_featured_image_src":{"full":false,"thumbnail":false,"medium":false,"medium_large":false,"large":false,"1536x1536":false,"2048x2048":false},"uagb_author_info":{"display_name":"YMS DAUDE","author_link":"https:\/\/yamaha-music-school-saint-germain.fr\/site\/author\/jmgc59\/"},"uagb_comment_info":0,"uagb_excerpt":"Vid\u00e9o du cours JMC (piano d\u00e8s 4 ans) &nbsp;Ma vie en musique \u2013 interview de 2 anciens \u00e9l\u00e8ves du cours JMC","_links":{"self":[{"href":"https:\/\/yamaha-music-school-saint-germain.fr\/site\/wp-json\/wp\/v2\/pages\/373","targetHints":{"allow":["GET"]}}],"collection":[{"href":"https:\/\/yamaha-music-school-saint-germain.fr\/site\/wp-json\/wp\/v2\/pages"}],"about":[{"href":"https:\/\/yamaha-music-school-saint-germain.fr\/site\/wp-json\/wp\/v2\/types\/page"}],"author":[{"embeddable":true,"href":"https:\/\/yamaha-music-school-saint-germain.fr\/site\/wp-json\/wp\/v2\/users\/1"}],"replies":[{"embeddable":true,"href":"https:\/\/yamaha-music-school-saint-germain.fr\/site\/wp-json\/wp\/v2\/comments?post=373"}],"version-history":[{"count":27,"href":"https:\/\/yamaha-music-school-saint-germain.fr\/site\/wp-json\/wp\/v2\/pages\/373\/revisions"}],"predecessor-version":[{"id":2091,"href":"https:\/\/yamaha-music-school-saint-germain.fr\/site\/wp-json\/wp\/v2\/pages\/373\/revisions\/2091"}],"wp:attachment":[{"href":"https:\/\/yamaha-music-school-saint-germain.fr\/site\/wp-json\/wp\/v2\/media?parent=373"}],"curies":[{"name":"wp","href":"https:\/\/api.w.org\/{rel}","templated":true}]}}