{"id":1842,"date":"2019-10-04T14:09:23","date_gmt":"2019-10-04T12:09:23","guid":{"rendered":"http:\/\/yamaha-music-school-saint-germain.fr\/site\/?page_id=1842"},"modified":"2019-11-13T17:58:06","modified_gmt":"2019-11-13T16:58:06","slug":"play-for-keeps","status":"publish","type":"page","link":"https:\/\/yamaha-music-school-saint-germain.fr\/site\/play-for-keeps\/","title":{"rendered":"Play for Keeps"},"content":{"rendered":"\n<section class=\"wp-block-uagb-section uagb-section__wrap uagb-section__background-image\" id=\"uagb-section-fa5252a5-56c0-4747-bd02-b91eb10d4b9c\"><div class=\"uagb-section__overlay\"><\/div><div class=\"uagb-section__inner-wrap\">\n<div class=\"wp-block-uagb-advanced-heading\" id=\"uagb-adv-heading-00202a1c-3d37-486f-93eb-44c41c18647b\"><h1 class=\"uagb-heading-text\"> PLAY FOR KEEPS  <\/h1><p class=\"uagb-desc-text\"><\/p><\/div>\n<\/div><\/section>\n\n\n\n<p style=\"text-align:center\"><strong>Play for keeps<\/strong><br> Play for Keeps est un cours de clavier arrangeur pour d\u00e9butants \u00e0 partir de 8 ans, proposant une approche et un r\u00e9pertoire modernes. Le clavier arrangeur offre des possibilit\u00e9s musicales illimit\u00e9es, gr\u00e2ce \u00e0 son large choix de sonorit\u00e9s, de rythmes, et \u00e0 ses fonctions d\u2019accompagnement et d\u2019orchestrations intuitives. <br> Avec son m\u00e9lange unique d&rsquo;enseignement du piano et du clavier, ce cours permettra aux \u00e9l\u00e8ves de devenir des interpr\u00e8tes polyvalents et capables de jouer avec d&rsquo;autres musiciens en toute confiance. <br> Que vous ayez 8 ans ou 80 ans, Play for Keeps vous permettra d&rsquo;appr\u00e9cier du contenu solo et des morceaux de groupe, de tous les styles musicaux. Des morceaux sp\u00e9cialement con\u00e7us pour ce parcours c\u00f4toient des chansons populaires bien connues et les pistes d&rsquo;accompagnement fournies sur cl\u00e9 USB vous feront jouer pendant des heures en rythme et vous donneront un son exceptionnel ! <\/p>\n\n\n\n<figure class=\"wp-block-video aligncenter\"><video height=\"400\" style=\"aspect-ratio: 720 \/ 400;\" width=\"720\" controls src=\"http:\/\/yamaha-music-school-saint-germain.fr\/site\/wp-content\/uploads\/2019\/10\/v2Mix-Claviers-Yamaha.mp4\"><\/video><\/figure>\n\n\n\n<section class=\"wp-block-uagb-section uagb-section__wrap uagb-section__background-image uagb-block-66f86aa3\"><div class=\"uagb-section__overlay\"><\/div><div class=\"uagb-section__inner-wrap\">\n<div class=\"wp-block-columns has-3-columns is-layout-flex wp-container-core-columns-is-layout-9d6595d7 wp-block-columns-is-layout-flex\">\n<div class=\"wp-block-column is-layout-flow wp-block-column-is-layout-flow\">\n<div class=\"wp-block-uagb-advanced-heading uagb-block-a8b59060\"><h4 class=\"uagb-heading-text\"><a href=\"http:\/\/yamaha-music-school-saint-germain.fr\/site\/junior-original-concert\/\">Junior original concert<\/a><\/h4><p class=\"uagb-desc-text\"> <\/p><\/div>\n\n\n\n<div class=\"wp-block-uagb-advanced-heading uagb-block-8629c626\"><h4 class=\"uagb-heading-text\"><a href=\"http:\/\/yamaha-music-school-saint-germain.fr\/site\/cours-2\/\">Examens de grade<\/a><\/h4><p class=\"uagb-desc-text\"> <\/p><\/div>\n\n\n\n<div class=\"wp-block-uagb-advanced-heading uagb-block-b3823b0f\"><h4 class=\"uagb-heading-text\"> <a href=\"http:\/\/yamaha-music-school-saint-germain.fr\/site\/contact\/\">Contact<\/a><\/h4><p class=\"uagb-desc-text\"> <\/p><\/div>\n\n\n\n<div class=\"wp-block-uagb-advanced-heading uagb-block-2384b8ba\"><h4 class=\"uagb-heading-text\"><a href=\"http:\/\/yamaha-music-school-saint-germain.fr\/site\/politique-de-confidentialite\/\">Mentions l\u00e9gales<\/a><\/h4><p class=\"uagb-desc-text\"> <\/p><\/div>\n\n\n\n<p><\/p>\n<\/div>\n\n\n\n<div class=\"wp-block-column is-layout-flow wp-block-column-is-layout-flow\">\n<div class=\"wp-block-uagb-advanced-heading uagb-block-57e26b17\"><h4 class=\"uagb-heading-text\"><a href=\"http:\/\/yamaha-music-school-saint-germain.fr\/site\/cours-pour-enfants\/\">Cours pour enfants<\/a><\/h4><p class=\"uagb-desc-text\">  <\/p><\/div>\n\n\n\n<div class=\"wp-block-uagb-advanced-heading uagb-block-cc231bc1\"><h4 class=\"uagb-heading-text\"><a href=\"http:\/\/yamaha-music-school-saint-germain.fr\/site\/piano\/\">Cours pour Adolescents \/ Adultes<\/a><\/h4><p class=\"uagb-desc-text\">  <\/p><\/div>\n\n\n\n<div class=\"wp-block-uagb-advanced-heading uagb-block-4c81b55f\"><h4 class=\"uagb-heading-text\"><a href=\"http:\/\/yamaha-music-school-saint-germain.fr\/site\/nos-professeurs\/\">Professeur<\/a><\/h4><p class=\"uagb-desc-text\">  <\/p><\/div>\n\n\n\n<div class=\"wp-block-uagb-advanced-heading uagb-block-6c4efeec\"><h4 class=\"uagb-heading-text\"><a href=\"http:\/\/yamaha-music-school-saint-germain.fr\/site\/contact\/\">Horaires<\/a><\/h4><p class=\"uagb-desc-text\">  <\/p><\/div>\n\n\n\n<p><\/p>\n<\/div>\n\n\n\n<div class=\"wp-block-column is-layout-flow wp-block-column-is-layout-flow\">\n<figure class=\"wp-block-image\"><img loading=\"lazy\" decoding=\"async\" width=\"628\" height=\"141\" src=\"http:\/\/yamaha-music-school-saint-germain.fr\/site\/wp-content\/uploads\/2019\/03\/yms_logo_big.png\" alt=\"\" class=\"wp-image-1050\" srcset=\"https:\/\/yamaha-music-school-saint-germain.fr\/site\/wp-content\/uploads\/2019\/03\/yms_logo_big.png 628w, https:\/\/yamaha-music-school-saint-germain.fr\/site\/wp-content\/uploads\/2019\/03\/yms_logo_big-300x67.png 300w\" sizes=\"auto, (max-width: 628px) 100vw, 628px\" \/><\/figure>\n\n\n\n<div class=\"wp-block-uagb-advanced-heading uagb-block-7a066e3e\"><h4 class=\"uagb-heading-text\">Contacts<\/h4><p class=\"uagb-desc-text\"> <\/p><\/div>\n\n\n\n<div class=\"wp-block-uagb-icon-list uagb-block-b1f2c710 uagb-icon-list__outer-wrap uagb-icon-list__layout-vertical uagb-icon-list__icon-at-top\"><div class=\"uagb-icon-list__wrap\">\n<div class=\"wp-block-uagb-icon-list-child uagb-block-a454a9aa uagb-icon-list-repeater uagb-icon-list__wrapper\"><span class=\"uagb-icon-list__source-wrap\"><svg xmlns=\"https:\/\/www.w3.org\/2000\/svg\" viewbox=\"0 0 384 512\"><path d=\"M168.3 499.2C116.1 435 0 279.4 0 192C0 85.96 85.96 0 192 0C298 0 384 85.96 384 192C384 279.4 267 435 215.7 499.2C203.4 514.5 180.6 514.5 168.3 499.2H168.3zM192 256C227.3 256 256 227.3 256 192C256 156.7 227.3 128 192 128C156.7 128 128 156.7 128 192C128 227.3 156.7 256 192 256z\"><\/path><\/svg><\/span><span class=\"uagb-icon-list__label\"> PIANOS DAUDE<br>11 rue du Vieil Abreuvoir<br>78100 Saint Germain en Laye <\/span><\/div>\n\n\n\n<div class=\"wp-block-uagb-icon-list-child uagb-block-4dd6c774 uagb-icon-list-repeater uagb-icon-list__wrapper\"><span class=\"uagb-icon-list__source-wrap\"><svg xmlns=\"https:\/\/www.w3.org\/2000\/svg\" viewbox=\"0 0 512 512\"><path d=\"M511.2 387l-23.25 100.8c-3.266 14.25-15.79 24.22-30.46 24.22C205.2 512 0 306.8 0 54.5c0-14.66 9.969-27.2 24.22-30.45l100.8-23.25C139.7-2.602 154.7 5.018 160.8 18.92l46.52 108.5c5.438 12.78 1.77 27.67-8.98 36.45L144.5 207.1c33.98 69.22 90.26 125.5 159.5 159.5l44.08-53.8c8.688-10.78 23.69-14.51 36.47-8.975l108.5 46.51C506.1 357.2 514.6 372.4 511.2 387z\"><\/path><\/svg><\/span><span class=\"uagb-icon-list__label\"> <strong>01 39 73 54 91<\/strong>  <\/span><\/div>\n\n\n\n<div class=\"wp-block-uagb-icon-list-child uagb-block-c6b54682 uagb-icon-list-repeater uagb-icon-list__wrapper\"><span class=\"uagb-icon-list__source-wrap\"><svg xmlns=\"https:\/\/www.w3.org\/2000\/svg\" viewbox=\"0 0 512 512\"><path d=\"M493.6 163c-24.88-19.62-45.5-35.37-164.3-121.6C312.7 29.21 279.7 0 256.4 0H255.6C232.3 0 199.3 29.21 182.6 41.38c-118.8 86.25-139.4 101.1-164.3 121.6C6.75 172 0 186 0 200.8v263.2C0 490.5 21.49 512 48 512h416c26.51 0 48-21.49 48-47.1V200.8C512 186 505.3 172 493.6 163zM303.2 367.5C289.1 378.5 272.5 384 256 384s-33.06-5.484-47.16-16.47L64 254.9V208.5c21.16-16.59 46.48-35.66 156.4-115.5c3.18-2.328 6.891-5.187 10.98-8.353C236.9 80.44 247.8 71.97 256 66.84c8.207 5.131 19.14 13.6 24.61 17.84c4.09 3.166 7.801 6.027 11.15 8.478C400.9 172.5 426.6 191.7 448 208.5v46.32L303.2 367.5z\"><\/path><\/svg><\/span><span class=\"uagb-icon-list__label\"> <a href=\"mailto:pianodaude@free.fr?subject=Depuis%20votre%20site\">pianodaude@free.fr<\/a> <a href=\"mailto:ymscolmar@gmail.com\"> <\/a> <\/span><\/div>\n<\/div><\/div>\n<\/div>\n<\/div>\n\n\n\n<div style=\"height:30px\" aria-hidden=\"true\" class=\"wp-block-spacer\"><\/div>\n\n\n\n<hr class=\"wp-block-separator is-style-wide\"\/>\n\n\n\n<div style=\"height:20px\" aria-hidden=\"true\" class=\"wp-block-spacer\"><\/div>\n\n\n\n<p><\/p>\n<\/div><\/section>\n","protected":false},"excerpt":{"rendered":"<p>Play for keeps Play for Keeps est un cours de clavier arrangeur pour d\u00e9butants \u00e0 partir de 8 ans, proposant une approche et un r\u00e9pertoire modernes. Le clavier arrangeur offre des possibilit\u00e9s musicales illimit\u00e9es, gr\u00e2ce \u00e0 son large choix de sonorit\u00e9s, de rythmes, et \u00e0 ses fonctions d\u2019accompagnement et d\u2019orchestrations intuitives. Avec son m\u00e9lange unique &hellip;<\/p>\n<p class=\"read-more\"> <a class=\"\" href=\"https:\/\/yamaha-music-school-saint-germain.fr\/site\/play-for-keeps\/\"> <span class=\"screen-reader-text\">Play for Keeps<\/span> Lire la suite\u00a0\u00bb<\/a><\/p>\n","protected":false},"author":1,"featured_media":0,"parent":0,"menu_order":0,"comment_status":"closed","ping_status":"closed","template":"","meta":{"_uag_custom_page_level_css":"","site-sidebar-layout":"no-sidebar","site-content-layout":"page-builder","ast-main-header-display":"","ast-hfb-above-header-display":"","ast-hfb-below-header-display":"","ast-hfb-mobile-header-display":"","site-post-title":"disabled","ast-breadcrumbs-content":"","ast-featured-img":"disabled","footer-sml-layout":"","theme-transparent-header-meta":"enabled","adv-header-id-meta":"","stick-header-meta":"","header-above-stick-meta":"","header-main-stick-meta":"","header-below-stick-meta":"","_themeisle_gutenberg_block_has_review":false,"footnotes":""},"class_list":["post-1842","page","type-page","status-publish","hentry"],"featured_image_urls_v2":{"full":"","thumbnail":"","medium":"","medium_large":"","large":"","1536x1536":"","2048x2048":""},"post_excerpt_stackable_v2":"<p>PLAY FOR KEEPS Play for keeps Play for Keeps est un cours de clavier arrangeur pour d\u00e9butants \u00e0 partir de 8 ans, proposant une approche et un r\u00e9pertoire modernes. Le clavier arrangeur offre des possibilit\u00e9s musicales illimit\u00e9es, gr\u00e2ce \u00e0 son large choix de sonorit\u00e9s, de rythmes, et \u00e0 ses fonctions d\u2019accompagnement et d\u2019orchestrations intuitives. Avec son m\u00e9lange unique d&rsquo;enseignement du piano et du clavier, ce cours permettra aux \u00e9l\u00e8ves de devenir des interpr\u00e8tes polyvalents et capables de jouer avec d&rsquo;autres musiciens en toute confiance. Que vous ayez 8 ans ou 80 ans, Play for Keeps vous permettra d&rsquo;appr\u00e9cier du contenu\u2026<\/p>\n","category_list_v2":"","author_info_v2":{"name":"YMS DAUDE","url":"https:\/\/yamaha-music-school-saint-germain.fr\/site\/author\/jmgc59\/"},"comments_num_v2":"0 commentaire","uagb_featured_image_src":{"full":false,"thumbnail":false,"medium":false,"medium_large":false,"large":false,"1536x1536":false,"2048x2048":false},"uagb_author_info":{"display_name":"YMS DAUDE","author_link":"https:\/\/yamaha-music-school-saint-germain.fr\/site\/author\/jmgc59\/"},"uagb_comment_info":0,"uagb_excerpt":"Play for keeps Play for Keeps est un cours de clavier arrangeur pour d\u00e9butants \u00e0 partir de 8 ans, proposant une approche et un r\u00e9pertoire modernes. Le clavier arrangeur offre des possibilit\u00e9s musicales illimit\u00e9es, gr\u00e2ce \u00e0 son large choix de sonorit\u00e9s, de rythmes, et \u00e0 ses fonctions d\u2019accompagnement et d\u2019orchestrations intuitives. Avec son m\u00e9lange unique\u2026","_links":{"self":[{"href":"https:\/\/yamaha-music-school-saint-germain.fr\/site\/wp-json\/wp\/v2\/pages\/1842","targetHints":{"allow":["GET"]}}],"collection":[{"href":"https:\/\/yamaha-music-school-saint-germain.fr\/site\/wp-json\/wp\/v2\/pages"}],"about":[{"href":"https:\/\/yamaha-music-school-saint-germain.fr\/site\/wp-json\/wp\/v2\/types\/page"}],"author":[{"embeddable":true,"href":"https:\/\/yamaha-music-school-saint-germain.fr\/site\/wp-json\/wp\/v2\/users\/1"}],"replies":[{"embeddable":true,"href":"https:\/\/yamaha-music-school-saint-germain.fr\/site\/wp-json\/wp\/v2\/comments?post=1842"}],"version-history":[{"count":6,"href":"https:\/\/yamaha-music-school-saint-germain.fr\/site\/wp-json\/wp\/v2\/pages\/1842\/revisions"}],"predecessor-version":[{"id":1949,"href":"https:\/\/yamaha-music-school-saint-germain.fr\/site\/wp-json\/wp\/v2\/pages\/1842\/revisions\/1949"}],"wp:attachment":[{"href":"https:\/\/yamaha-music-school-saint-germain.fr\/site\/wp-json\/wp\/v2\/media?parent=1842"}],"curies":[{"name":"wp","href":"https:\/\/api.w.org\/{rel}","templated":true}]}}