{"id":1109,"date":"2019-03-16T16:34:45","date_gmt":"2019-03-16T15:34:45","guid":{"rendered":"http:\/\/www.yamaha-music-school-colmar.com\/site\/?page_id=1109"},"modified":"2019-11-13T18:04:42","modified_gmt":"2019-11-13T17:04:42","slug":"nos-professeurs","status":"publish","type":"page","link":"https:\/\/yamaha-music-school-saint-germain.fr\/site\/nos-professeurs\/","title":{"rendered":"NOS PROFESSEURS"},"content":{"rendered":"\n<section class=\"wp-block-uagb-section uagb-section__wrap uagb-section__background-image\" id=\"uagb-section-4d7ae306-33d4-4f62-8b84-367ac4f63ddc\"><div class=\"uagb-section__overlay\"><\/div><div class=\"uagb-section__inner-wrap\">\n<div class=\"wp-block-uagb-advanced-heading\" id=\"uagb-adv-heading-2adaa59b-b8cb-4a06-b967-b46e1bc6d5bb\"><h1 class=\"uagb-heading-text\">NOS PROFESSEURS<\/h1><p class=\"uagb-desc-text\"><\/p><\/div>\n<\/div><\/section>\n\n\n\n<h2 class=\"wp-block-heading\" style=\"text-align:center\">Nos professeurs<br> <\/h2>\n\n\n\n<p style=\"text-align:center\">\n\nNous voulons vous aider \u00e0 atteindre vos objectifs musicaux et nous ferons tout notre possible pour que vous passiez un bon moment avec nous. Nos enseignants sont tous exp\u00e9riment\u00e9s et hautement qualifi\u00e9s et nous accordons une grande importance \u00e0 maintenir un enseignement et un accueil de qualit\u00e9 toute l\u2019ann\u00e9e. \n\n<\/p>\n\n\n<style>#kt-layout-id_7b62d6-9a > .kt-row-column-wrap{align-content:start;}:where(#kt-layout-id_7b62d6-9a > .kt-row-column-wrap) > .wp-block-kadence-column{justify-content:start;}#kt-layout-id_7b62d6-9a > .kt-row-column-wrap{column-gap:var(--global-kb-gap-md, 2rem);row-gap:var(--global-kb-gap-md, 2rem);max-width:1140px;margin-left:auto;margin-right:auto;padding-top:var( --global-kb-row-default-top, 25px );padding-bottom:var( --global-kb-row-default-bottom, 25px );padding-top:85px;padding-bottom:85px;grid-template-columns:minmax(0, 1fr);}#kt-layout-id_7b62d6-9a{background-color:#f9f9f9;}#kt-layout-id_7b62d6-9a > .kt-row-layout-overlay{opacity:0.30;}@media all and (max-width: 1024px){#kt-layout-id_7b62d6-9a > .kt-row-column-wrap{grid-template-columns:minmax(0, 1fr);}}@media all and (max-width: 767px){#kt-layout-id_7b62d6-9a > .kt-row-column-wrap{grid-template-columns:minmax(0, 1fr);}}<\/style>\n<div class=\"wp-block-kadence-rowlayout alignfull\"><div id=\"kt-layout-id_7b62d6-9a\" class=\"kt-row-layout-inner kt-row-has-bg kt-layout-id_7b62d6-9a\"><div class=\"kt-row-column-wrap kt-has-1-columns kt-gutter-default kt-v-gutter-default kt-row-valign-top kt-row-layout-equal kt-tab-layout-inherit kt-m-colapse-left-to-right kt-mobile-layout-row\"><style>.kadence-column_4ac418-1a > .kt-inside-inner-col{border-top-width:0px;border-right-width:0px;border-bottom-width:0px;border-left-width:0px;}.kadence-column_4ac418-1a > .kt-inside-inner-col,.kadence-column_4ac418-1a > .kt-inside-inner-col:before{border-top-left-radius:0px;border-top-right-radius:0px;border-bottom-right-radius:0px;border-bottom-left-radius:0px;}.kadence-column_4ac418-1a > .kt-inside-inner-col{column-gap:var(--global-kb-gap-sm, 1rem);}.kadence-column_4ac418-1a > .kt-inside-inner-col{flex-direction:column;}.kadence-column_4ac418-1a > .kt-inside-inner-col > .aligncenter{width:100%;}.kadence-column_4ac418-1a > .kt-inside-inner-col:before{opacity:0.3;}.kadence-column_4ac418-1a{position:relative;}@media all and (max-width: 1024px){.kadence-column_4ac418-1a > .kt-inside-inner-col{flex-direction:column;justify-content:center;}}@media all and (max-width: 767px){.kadence-column_4ac418-1a > .kt-inside-inner-col{flex-direction:column;justify-content:center;}}<\/style>\n<div class=\"wp-block-kadence-column inner-column-1 kadence-column_4ac418-1a\"><div class=\"kt-inside-inner-col\"><style>.wp-block-kadence-column.kb-section-dir-horizontal > .kt-inside-inner-col > #kt-info-box_ea760e-a1 .kt-blocks-info-box-link-wrap{max-width:unset;}#kt-info-box_ea760e-a1 .kt-blocks-info-box-link-wrap{border-color:#fff;border-radius:12px;border-top-width:4px;border-right-width:4px;border-bottom-width:4px;border-left-width:4px;background:#fff;padding-top:var(--global-kb-spacing-xs, 1rem);padding-right:var(--global-kb-spacing-xs, 1rem);padding-bottom:var(--global-kb-spacing-xs, 1rem);padding-left:var(--global-kb-spacing-xs, 1rem);}#kt-info-box_ea760e-a1 .kt-blocks-info-box-link-wrap:hover{border-color:#f2f2f2;background:#fff;}#kt-info-box_ea760e-a1.wp-block-kadence-infobox{max-width:100%;}#kt-info-box_ea760e-a1 .kadence-info-box-image-inner-intrisic-container{max-width:520px;}#kt-info-box_ea760e-a1 .kadence-info-box-image-inner-intrisic-container .kadence-info-box-image-intrisic{padding-bottom:150%;width:520px;height:0px;max-width:100%;}#kt-info-box_ea760e-a1 .kadence-info-box-icon-container .kt-info-svg-icon, #kt-info-box_ea760e-a1 .kt-info-svg-icon-flip, #kt-info-box_ea760e-a1 .kt-blocks-info-box-number{font-size:50px;}#kt-info-box_ea760e-a1 .kt-blocks-info-box-media{color:#444;background:#fff;border-color:#d1d1d1;border-radius:200px;overflow:hidden;border-top-width:0px;border-right-width:0px;border-bottom-width:0px;border-left-width:0px;padding-top:8px;padding-right:8px;padding-bottom:8px;padding-left:8px;}#kt-info-box_ea760e-a1 .kt-blocks-info-box-media-container{margin-top:0px;margin-right:15px;margin-bottom:0px;margin-left:15px;}#kt-info-box_ea760e-a1 .kt-blocks-info-box-media .kadence-info-box-image-intrisic img{border-radius:200px;}#kt-info-box_ea760e-a1 .kt-blocks-info-box-link-wrap:hover .kt-blocks-info-box-media{color:#000;background:#fff;border-color:#d1d1d1;}#kt-info-box_ea760e-a1 .kt-infobox-textcontent h4.kt-blocks-info-box-title{color:#000;font-size:20px;line-height:25px;font-family:Montserrat;font-style:normal;font-weight:300;padding-top:0px;padding-right:0px;padding-bottom:0px;padding-left:0px;margin-top:5px;margin-right:0px;margin-bottom:10px;margin-left:0px;}#kt-info-box_ea760e-a1 .kt-blocks-info-box-link-wrap:hover h4.kt-blocks-info-box-title{color:#000;}#kt-info-box_ea760e-a1 .kt-infobox-textcontent .kt-blocks-info-box-text{color:#444;}.wp-block-kadence-infobox#kt-info-box_ea760e-a1 .kt-blocks-info-box-text{font-size:16px;line-height:24px;font-family:Montserrat;font-style:normal;font-weight:300;}#kt-info-box_ea760e-a1 .kt-blocks-info-box-link-wrap:hover .kt-blocks-info-box-text{color:#000;}#kt-info-box_ea760e-a1 .kt-blocks-info-box-learnmore{color:#444;background:transparent;border-color:#444;font-family:Montserrat;font-style:normal;font-weight:300;border-width:1px 0px 0px 0px;padding-top:9px;padding-right:8px;padding-bottom:4px;padding-left:8px;margin-top:15px;margin-right:0px;margin-bottom:10px;margin-left:0px;}#kt-info-box_ea760e-a1 .kt-blocks-info-box-link-wrap:hover .kt-blocks-info-box-learnmore,#kt-info-box_ea760e-a1 .kt-blocks-info-box-link-wrap .kt-blocks-info-box-learnmore:focus{color:#000;background:#fff;border-color:#000;}<\/style>\n<div id=\"kt-info-box_ea760e-a1\" class=\"wp-block-kadence-infobox ticss-3d3e20d2\"><div class=\"kt-blocks-info-box-link-wrap kt-blocks-info-box-media-align-top kt-info-halign-center\"><div class=\"kt-blocks-info-box-media-container\"><div class=\"kt-blocks-info-box-media kt-info-media-animate-none\"><div class=\"kadence-info-box-image-inner-intrisic-container\" style=\"max-width:520px\"><div class=\"kadence-info-box-image-intrisic kt-info-animate-none\" style=\"padding-bottom:150%;height:0;width:520px;max-width:100%\"><div class=\"kadence-info-box-image-inner-intrisic\"><img loading=\"lazy\" decoding=\"async\" src=\"http:\/\/yamaha-music-school-saint-germain.fr\/site\/wp-content\/uploads\/2019\/10\/St\u00e9phanie.jpg\" alt=\"\" width=\"520\" height=\"780\" class=\"kt-info-box-image wp-image-1904 \" srcset=\"https:\/\/yamaha-music-school-saint-germain.fr\/site\/wp-content\/uploads\/2019\/10\/St\u00e9phanie.jpg 520w, https:\/\/yamaha-music-school-saint-germain.fr\/site\/wp-content\/uploads\/2019\/10\/St\u00e9phanie-200x300.jpg 200w\" sizes=\"auto, (max-width: 520px) 100vw, 520px\" \/><\/div><\/div><\/div><\/div><\/div><div class=\"kt-infobox-textcontent\"><h4 class=\"kt-blocks-info-box-title\"> <strong>St\u00e9phanie RIPERT<\/strong> <\/h4><p class=\"kt-blocks-info-box-text\"><br\/> J\u2019ai commenc\u00e9 le piano \u00e0 8 ans dans le Var chez Madame CHARBONNEL disciple d\u2019Yvonne LEFEBURE. J\u2019ai \u00e9t\u00e9 admise au CNR de Paris o\u00f9\u00a0je suis rentr\u00e9e \u00e0 11 ans en classe \u00e0 horaires am\u00e9nag\u00e9s\u00a0; j\u2019ai pu travailler avec Madame MORNEAU, Dominique GEOFFROY, Pierre REACH et Nadine DESSOUCHES. Apr\u00e8s mon bac musique et mon prix de conservatoire, je suis rentr\u00e9e en facult\u00e9 \u00e0 la Sorbonne o\u00f9\u00a0j\u2019ai pass\u00e9 une licence de musicologie option p\u00e9dagogie. Parall\u00e8lement j\u2019ai suivi la formation\u00a0Ja\u00eblle-Montessori\u00a0sur l\u2019enseignement aux tout-petits.<br\/>L\u2019enseignement m\u2019a toujours passionn\u00e9\u00a0; j\u2019ai commenc\u00e9 \u00e0 donner des cours dans diff\u00e9rentes \u00e9coles des Yvelines puis ma rencontre avec l\u2019enseignement Yamaha fut d\u00e9cisive pour ouvrir une \u00e9cole \u00e0 Saint Germain en Laye en 1999. Cette approche de la musique qui allie plaisir de jouer et \u00e9coute de\u00a0la musique \u00e0 travers un s\u00e9rieux et une \u00e9volution r\u00e9fl\u00e9chie de l\u2019apprentissage me convient parfaitement.            <\/p><\/div><\/div><\/div>\n<\/div><\/div>\n<\/div><\/div><\/div>\n\n\n\n<section class=\"wp-block-uagb-section uagb-section__wrap uagb-section__background-image uagb-block-66f86aa3\"><div class=\"uagb-section__overlay\"><\/div><div class=\"uagb-section__inner-wrap\">\n<div class=\"wp-block-columns has-3-columns is-layout-flex wp-container-core-columns-is-layout-9d6595d7 wp-block-columns-is-layout-flex\">\n<div class=\"wp-block-column is-layout-flow wp-block-column-is-layout-flow\">\n<div class=\"wp-block-uagb-advanced-heading uagb-block-a8b59060\"><h4 class=\"uagb-heading-text\"><a href=\"http:\/\/yamaha-music-school-saint-germain.fr\/site\/junior-original-concert\/\">Junior original concert<\/a><\/h4><p class=\"uagb-desc-text\"> <\/p><\/div>\n\n\n\n<div class=\"wp-block-uagb-advanced-heading uagb-block-8629c626\"><h4 class=\"uagb-heading-text\"><a href=\"http:\/\/yamaha-music-school-saint-germain.fr\/site\/cours-2\/\">Examens de grade<\/a><\/h4><p class=\"uagb-desc-text\"> <\/p><\/div>\n\n\n\n<div class=\"wp-block-uagb-advanced-heading uagb-block-b3823b0f\"><h4 class=\"uagb-heading-text\"> <a href=\"http:\/\/yamaha-music-school-saint-germain.fr\/site\/contact\/\">Contact<\/a><\/h4><p class=\"uagb-desc-text\"> <\/p><\/div>\n\n\n\n<div class=\"wp-block-uagb-advanced-heading uagb-block-2384b8ba\"><h4 class=\"uagb-heading-text\"><a href=\"http:\/\/yamaha-music-school-saint-germain.fr\/site\/politique-de-confidentialite\/\">Mentions l\u00e9gales<\/a><\/h4><p class=\"uagb-desc-text\"> <\/p><\/div>\n\n\n\n<p><\/p>\n<\/div>\n\n\n\n<div class=\"wp-block-column is-layout-flow wp-block-column-is-layout-flow\">\n<div class=\"wp-block-uagb-advanced-heading uagb-block-57e26b17\"><h4 class=\"uagb-heading-text\"><a href=\"http:\/\/yamaha-music-school-saint-germain.fr\/site\/cours-pour-enfants\/\">Cours pour enfants<\/a><\/h4><p class=\"uagb-desc-text\">  <\/p><\/div>\n\n\n\n<div class=\"wp-block-uagb-advanced-heading uagb-block-cc231bc1\"><h4 class=\"uagb-heading-text\"><a href=\"http:\/\/yamaha-music-school-saint-germain.fr\/site\/piano\/\">Cours pour Adolescents \/ Adultes<\/a><\/h4><p class=\"uagb-desc-text\">  <\/p><\/div>\n\n\n\n<div class=\"wp-block-uagb-advanced-heading uagb-block-4c81b55f\"><h4 class=\"uagb-heading-text\"><a href=\"http:\/\/yamaha-music-school-saint-germain.fr\/site\/nos-professeurs\/\">Professeur<\/a><\/h4><p class=\"uagb-desc-text\">  <\/p><\/div>\n\n\n\n<div class=\"wp-block-uagb-advanced-heading uagb-block-6c4efeec\"><h4 class=\"uagb-heading-text\"><a href=\"http:\/\/yamaha-music-school-saint-germain.fr\/site\/contact\/\">Horaires<\/a><\/h4><p class=\"uagb-desc-text\">  <\/p><\/div>\n\n\n\n<p><\/p>\n<\/div>\n\n\n\n<div class=\"wp-block-column is-layout-flow wp-block-column-is-layout-flow\">\n<figure class=\"wp-block-image\"><img loading=\"lazy\" decoding=\"async\" width=\"628\" height=\"141\" src=\"http:\/\/yamaha-music-school-saint-germain.fr\/site\/wp-content\/uploads\/2019\/03\/yms_logo_big.png\" alt=\"\" class=\"wp-image-1050\" srcset=\"https:\/\/yamaha-music-school-saint-germain.fr\/site\/wp-content\/uploads\/2019\/03\/yms_logo_big.png 628w, https:\/\/yamaha-music-school-saint-germain.fr\/site\/wp-content\/uploads\/2019\/03\/yms_logo_big-300x67.png 300w\" sizes=\"auto, (max-width: 628px) 100vw, 628px\" \/><\/figure>\n\n\n\n<div class=\"wp-block-uagb-advanced-heading uagb-block-7a066e3e\"><h4 class=\"uagb-heading-text\">Contacts<\/h4><p class=\"uagb-desc-text\"> <\/p><\/div>\n\n\n\n<div class=\"wp-block-uagb-icon-list uagb-block-b1f2c710 uagb-icon-list__outer-wrap uagb-icon-list__layout-vertical uagb-icon-list__icon-at-top\"><div class=\"uagb-icon-list__wrap\">\n<div class=\"wp-block-uagb-icon-list-child uagb-block-a454a9aa uagb-icon-list-repeater uagb-icon-list__wrapper\"><span class=\"uagb-icon-list__source-wrap\"><svg xmlns=\"https:\/\/www.w3.org\/2000\/svg\" viewbox=\"0 0 384 512\"><path d=\"M168.3 499.2C116.1 435 0 279.4 0 192C0 85.96 85.96 0 192 0C298 0 384 85.96 384 192C384 279.4 267 435 215.7 499.2C203.4 514.5 180.6 514.5 168.3 499.2H168.3zM192 256C227.3 256 256 227.3 256 192C256 156.7 227.3 128 192 128C156.7 128 128 156.7 128 192C128 227.3 156.7 256 192 256z\"><\/path><\/svg><\/span><span class=\"uagb-icon-list__label\"> PIANOS DAUDE<br>11 rue du Vieil Abreuvoir<br>78100 Saint Germain en Laye <\/span><\/div>\n\n\n\n<div class=\"wp-block-uagb-icon-list-child uagb-block-4dd6c774 uagb-icon-list-repeater uagb-icon-list__wrapper\"><span class=\"uagb-icon-list__source-wrap\"><svg xmlns=\"https:\/\/www.w3.org\/2000\/svg\" viewbox=\"0 0 512 512\"><path d=\"M511.2 387l-23.25 100.8c-3.266 14.25-15.79 24.22-30.46 24.22C205.2 512 0 306.8 0 54.5c0-14.66 9.969-27.2 24.22-30.45l100.8-23.25C139.7-2.602 154.7 5.018 160.8 18.92l46.52 108.5c5.438 12.78 1.77 27.67-8.98 36.45L144.5 207.1c33.98 69.22 90.26 125.5 159.5 159.5l44.08-53.8c8.688-10.78 23.69-14.51 36.47-8.975l108.5 46.51C506.1 357.2 514.6 372.4 511.2 387z\"><\/path><\/svg><\/span><span class=\"uagb-icon-list__label\"> <strong>01 39 73 54 91<\/strong>  <\/span><\/div>\n\n\n\n<div class=\"wp-block-uagb-icon-list-child uagb-block-c6b54682 uagb-icon-list-repeater uagb-icon-list__wrapper\"><span class=\"uagb-icon-list__source-wrap\"><svg xmlns=\"https:\/\/www.w3.org\/2000\/svg\" viewbox=\"0 0 512 512\"><path d=\"M493.6 163c-24.88-19.62-45.5-35.37-164.3-121.6C312.7 29.21 279.7 0 256.4 0H255.6C232.3 0 199.3 29.21 182.6 41.38c-118.8 86.25-139.4 101.1-164.3 121.6C6.75 172 0 186 0 200.8v263.2C0 490.5 21.49 512 48 512h416c26.51 0 48-21.49 48-47.1V200.8C512 186 505.3 172 493.6 163zM303.2 367.5C289.1 378.5 272.5 384 256 384s-33.06-5.484-47.16-16.47L64 254.9V208.5c21.16-16.59 46.48-35.66 156.4-115.5c3.18-2.328 6.891-5.187 10.98-8.353C236.9 80.44 247.8 71.97 256 66.84c8.207 5.131 19.14 13.6 24.61 17.84c4.09 3.166 7.801 6.027 11.15 8.478C400.9 172.5 426.6 191.7 448 208.5v46.32L303.2 367.5z\"><\/path><\/svg><\/span><span class=\"uagb-icon-list__label\"> <a href=\"mailto:pianodaude@free.fr?subject=Depuis%20votre%20site\">pianodaude@free.fr<\/a> <a href=\"mailto:ymscolmar@gmail.com\"> <\/a> <\/span><\/div>\n<\/div><\/div>\n<\/div>\n<\/div>\n\n\n\n<div style=\"height:30px\" aria-hidden=\"true\" class=\"wp-block-spacer\"><\/div>\n\n\n\n<hr class=\"wp-block-separator is-style-wide\"\/>\n\n\n\n<div style=\"height:20px\" aria-hidden=\"true\" class=\"wp-block-spacer\"><\/div>\n\n\n\n<p><\/p>\n<\/div><\/section>\n","protected":false},"excerpt":{"rendered":"<p>Nos professeurs Nous voulons vous aider \u00e0 atteindre vos objectifs musicaux et nous ferons tout notre possible pour que vous passiez un bon moment avec nous. Nos enseignants sont tous exp\u00e9riment\u00e9s et hautement qualifi\u00e9s et nous accordons une grande importance \u00e0 maintenir un enseignement et un accueil de qualit\u00e9 toute l\u2019ann\u00e9e.<\/p>\n","protected":false},"author":1,"featured_media":0,"parent":0,"menu_order":0,"comment_status":"closed","ping_status":"closed","template":"","meta":{"_uag_custom_page_level_css":"","site-sidebar-layout":"no-sidebar","site-content-layout":"page-builder","ast-main-header-display":"","ast-hfb-above-header-display":"","ast-hfb-below-header-display":"","ast-hfb-mobile-header-display":"","site-post-title":"disabled","ast-breadcrumbs-content":"","ast-featured-img":"disabled","footer-sml-layout":"","theme-transparent-header-meta":"enabled","adv-header-id-meta":"","stick-header-meta":"","header-above-stick-meta":"","header-main-stick-meta":"","header-below-stick-meta":"","_themeisle_gutenberg_block_has_review":false,"footnotes":""},"class_list":["post-1109","page","type-page","status-publish","hentry"],"featured_image_urls_v2":{"full":"","thumbnail":"","medium":"","medium_large":"","large":"","1536x1536":"","2048x2048":""},"post_excerpt_stackable_v2":"<p>NOS PROFESSEURS Nos professeurs Nous voulons vous aider \u00e0 atteindre vos objectifs musicaux et nous ferons tout notre possible pour que vous passiez un bon moment avec nous. Nos enseignants sont tous exp\u00e9riment\u00e9s et hautement qualifi\u00e9s et nous accordons une grande importance \u00e0 maintenir un enseignement et un accueil de qualit\u00e9 toute l\u2019ann\u00e9e. St\u00e9phanie RIPERT J\u2019ai commenc\u00e9 le piano \u00e0 8 ans dans le Var chez Madame CHARBONNEL disciple d\u2019Yvonne LEFEBURE. J\u2019ai \u00e9t\u00e9 admise au CNR de Paris o\u00f9\u00a0je suis rentr\u00e9e \u00e0 11 ans en classe \u00e0 horaires am\u00e9nag\u00e9s\u00a0; j\u2019ai pu travailler avec Madame MORNEAU, Dominique GEOFFROY, Pierre REACH et\u2026<\/p>\n","category_list_v2":"","author_info_v2":{"name":"YMS DAUDE","url":"https:\/\/yamaha-music-school-saint-germain.fr\/site\/author\/jmgc59\/"},"comments_num_v2":"0 commentaire","uagb_featured_image_src":{"full":false,"thumbnail":false,"medium":false,"medium_large":false,"large":false,"1536x1536":false,"2048x2048":false},"uagb_author_info":{"display_name":"YMS DAUDE","author_link":"https:\/\/yamaha-music-school-saint-germain.fr\/site\/author\/jmgc59\/"},"uagb_comment_info":0,"uagb_excerpt":"Nos professeurs Nous voulons vous aider \u00e0 atteindre vos objectifs musicaux et nous ferons tout notre possible pour que vous passiez un bon moment avec nous. Nos enseignants sont tous exp\u00e9riment\u00e9s et hautement qualifi\u00e9s et nous accordons une grande importance \u00e0 maintenir un enseignement et un accueil de qualit\u00e9 toute l\u2019ann\u00e9e.","_links":{"self":[{"href":"https:\/\/yamaha-music-school-saint-germain.fr\/site\/wp-json\/wp\/v2\/pages\/1109","targetHints":{"allow":["GET"]}}],"collection":[{"href":"https:\/\/yamaha-music-school-saint-germain.fr\/site\/wp-json\/wp\/v2\/pages"}],"about":[{"href":"https:\/\/yamaha-music-school-saint-germain.fr\/site\/wp-json\/wp\/v2\/types\/page"}],"author":[{"embeddable":true,"href":"https:\/\/yamaha-music-school-saint-germain.fr\/site\/wp-json\/wp\/v2\/users\/1"}],"replies":[{"embeddable":true,"href":"https:\/\/yamaha-music-school-saint-germain.fr\/site\/wp-json\/wp\/v2\/comments?post=1109"}],"version-history":[{"count":15,"href":"https:\/\/yamaha-music-school-saint-germain.fr\/site\/wp-json\/wp\/v2\/pages\/1109\/revisions"}],"predecessor-version":[{"id":1952,"href":"https:\/\/yamaha-music-school-saint-germain.fr\/site\/wp-json\/wp\/v2\/pages\/1109\/revisions\/1952"}],"wp:attachment":[{"href":"https:\/\/yamaha-music-school-saint-germain.fr\/site\/wp-json\/wp\/v2\/media?parent=1109"}],"curies":[{"name":"wp","href":"https:\/\/api.w.org\/{rel}","templated":true}]}}