{"id":3,"date":"2019-03-15T18:49:55","date_gmt":"2019-03-15T17:49:55","guid":{"rendered":"http:\/\/www.yamaha-music-school-colmar.com\/site\/?page_id=3"},"modified":"2026-03-08T20:38:47","modified_gmt":"2026-03-08T19:38:47","slug":"politique-de-confidentialite","status":"publish","type":"page","link":"http:\/\/yamaha-music-school-saint-germain.fr\/site\/politique-de-confidentialite\/","title":{"rendered":"Politique de confidentialit\u00e9"},"content":{"rendered":"\n<h2 class=\"wp-block-heading\"><strong>Mentions l\u00e9gales<\/strong><\/h2>\n\n\n\n<p><strong>\u00c9diteur du site<\/strong><\/p>\n\n\n\n<ul class=\"wp-block-list\">\n<li>Maintenance assur\u00e9e par Soufian Maat\u00e9, entrepreneur individuel immatricul\u00e9 sous le n\u00b0 SIREN 848418661, pour le compte de Yamaha Music Europe GmbH succursale France<\/li>\n\n\n\n<li>Adresse : Lille 59800<\/li>\n\n\n\n<li>Adresse e-mail de contact : soufian.maate94@gmail.com<\/li>\n<\/ul>\n\n\n\n<p><strong>H\u00e9bergement<\/strong><\/p>\n\n\n\n<ul class=\"wp-block-list\">\n<li>OVH France<\/li>\n\n\n\n<li>Adresse de l\u2019h\u00e9bergeur : 2 rue Kellermann, 59100 Roubaix, France<\/li>\n<\/ul>\n\n\n\n<p><strong>Directeur de la publication<\/strong><\/p>\n\n\n\n<ul class=\"wp-block-list\">\n<li>Jean-Michel Durand, responsable de r\u00e9seau Yamaha Music France<\/li>\n\n\n\n<li>T\u00e9l\u00e9phone : 06 31 37 44 38<\/li>\n\n\n\n<li>Adresse e-mail de contact : yamahamusicschoolfrance@gmail.com<\/li>\n<\/ul>\n\n\n\n<p><strong>Propri\u00e9t\u00e9 intellectuelle<\/strong><br>L\u2019ensemble des contenus pr\u00e9sents sur ce site (textes, images, photographies, logos, musiques, etc.) sont la propri\u00e9t\u00e9 de Yamaha Music Europe GmbH succursale France ou de leurs auteurs respectifs.<br>Toute reproduction, repr\u00e9sentation, modification, publication, adaptation ou traduction, en tout ou partie, de ces contenus est strictement interdite, sauf autorisation expresse de Yamaha Music France.<\/p>\n\n\n\n<p><strong>Protection des donn\u00e9es &amp; vie priv\u00e9e<\/strong><br>Conform\u00e9ment au R\u00e8glement g\u00e9n\u00e9ral sur la protection des donn\u00e9es (RGPD) et \u00e0 la l\u00e9gislation en vigueur, vous disposez des droits suivants :<\/p>\n\n\n\n<ul class=\"wp-block-list\">\n<li>Droit d\u2019acc\u00e8s, de rectification, d\u2019effacement, d\u2019opposition, de limitation et de portabilit\u00e9 de vos donn\u00e9es personnelles.<\/li>\n\n\n\n<li>Droit de retirer votre consentement \u00e0 tout moment.<\/li>\n\n\n\n<li>Droit d\u2019introduire une r\u00e9clamation aupr\u00e8s d\u2019une autorit\u00e9 de contr\u00f4le.<\/li>\n<\/ul>\n\n\n\n<p>Si vous fournissez des donn\u00e9es personnelles (formulaire de contact, newsletter, etc.), elles seront trait\u00e9es uniquement pour la finalit\u00e9 pour laquelle elles ont \u00e9t\u00e9 collect\u00e9es, et pour une dur\u00e9e conforme \u00e0 la r\u00e9glementation.<\/p>\n\n\n\n<p><strong>Cookies et traceurs<\/strong><br>Ce site utilise le cas \u00e9ch\u00e9ant des cookies ou traceurs. Vous pouvez accepter ou refuser ces cookies, et param\u00e9trer vos choix. Une politique de cookies d\u00e9taill\u00e9e est disponible sur demande.<\/p>\n\n\n\n<p><strong>Responsabilit\u00e9<\/strong><br>Yamaha Music Europe GmbH succursale France s\u2019efforce de fournir des informations exactes. Toutefois, Yamaha Music Europe GmbH succursale France ne peut garantir l\u2019exactitude, la compl\u00e9tude ou l\u2019actualit\u00e9 des informations diffus\u00e9es sur ce site. L\u2019utilisation des informations pr\u00e9sentes sur le site se fait sous votre seule responsabilit\u00e9.<\/p>\n","protected":false},"excerpt":{"rendered":"<p>Mentions l\u00e9gales \u00c9diteur du site H\u00e9bergement Directeur de la publication Propri\u00e9t\u00e9 intellectuelleL\u2019ensemble des contenus pr\u00e9sents sur ce site (textes, images, photographies, logos, musiques, etc.) sont la propri\u00e9t\u00e9 de Yamaha Music Europe GmbH succursale France ou de leurs auteurs respectifs.Toute reproduction, repr\u00e9sentation, modification, publication, adaptation ou traduction, en tout ou partie, de ces contenus est strictement &hellip;<\/p>\n<p class=\"read-more\"> <a class=\"\" href=\"http:\/\/yamaha-music-school-saint-germain.fr\/site\/politique-de-confidentialite\/\"> <span class=\"screen-reader-text\">Politique de confidentialit\u00e9<\/span> Lire la suite\u00a0\u00bb<\/a><\/p>\n","protected":false},"author":1,"featured_media":0,"parent":0,"menu_order":0,"comment_status":"closed","ping_status":"open","template":"","meta":{"_uag_custom_page_level_css":"","site-sidebar-layout":"no-sidebar","site-content-layout":"default","ast-main-header-display":"","ast-hfb-above-header-display":"","ast-hfb-below-header-display":"","ast-hfb-mobile-header-display":"","site-post-title":"disabled","ast-breadcrumbs-content":"","ast-featured-img":"disabled","footer-sml-layout":"","theme-transparent-header-meta":"default","adv-header-id-meta":"","stick-header-meta":"","header-above-stick-meta":"","header-main-stick-meta":"","header-below-stick-meta":"","_themeisle_gutenberg_block_has_review":false,"footnotes":""},"class_list":["post-3","page","type-page","status-publish","hentry"],"featured_image_urls_v2":{"full":"","thumbnail":"","medium":"","medium_large":"","large":"","1536x1536":"","2048x2048":""},"post_excerpt_stackable_v2":"<p>Mentions l\u00e9gales \u00c9diteur du site Maintenance assur\u00e9e par Soufian Maat\u00e9, entrepreneur individuel immatricul\u00e9 sous le n\u00b0 SIREN 848418661, pour le compte de Yamaha Music Europe GmbH succursale France Adresse : Lille 59800 Adresse e-mail de contact : soufian.maate94@gmail.com H\u00e9bergement OVH France Adresse de l\u2019h\u00e9bergeur : 2 rue Kellermann, 59100 Roubaix, France Directeur de la publication Jean-Michel Durand, responsable de r\u00e9seau Yamaha Music France T\u00e9l\u00e9phone : 06 31 37 44 38 Adresse e-mail de contact : yamahamusicschoolfrance@gmail.com Propri\u00e9t\u00e9 intellectuelleL\u2019ensemble des contenus pr\u00e9sents sur ce site (textes, images, photographies, logos, musiques, etc.) sont la propri\u00e9t\u00e9 de Yamaha Music Europe GmbH succursale France\u2026<\/p>\n","category_list_v2":"","author_info_v2":{"name":"YMS DAUDE","url":"http:\/\/yamaha-music-school-saint-germain.fr\/site\/author\/jmgc59\/"},"comments_num_v2":"0 commentaire","uagb_featured_image_src":{"full":false,"thumbnail":false,"medium":false,"medium_large":false,"large":false,"1536x1536":false,"2048x2048":false},"uagb_author_info":{"display_name":"YMS DAUDE","author_link":"http:\/\/yamaha-music-school-saint-germain.fr\/site\/author\/jmgc59\/"},"uagb_comment_info":0,"uagb_excerpt":"Mentions l\u00e9gales \u00c9diteur du site H\u00e9bergement Directeur de la publication Propri\u00e9t\u00e9 intellectuelleL\u2019ensemble des contenus pr\u00e9sents sur ce site (textes, images, photographies, logos, musiques, etc.) sont la propri\u00e9t\u00e9 de Yamaha Music Europe GmbH succursale France ou de leurs auteurs respectifs.Toute reproduction, repr\u00e9sentation, modification, publication, adaptation ou traduction, en tout ou partie, de ces contenus est strictement\u2026","_links":{"self":[{"href":"http:\/\/yamaha-music-school-saint-germain.fr\/site\/wp-json\/wp\/v2\/pages\/3","targetHints":{"allow":["GET"]}}],"collection":[{"href":"http:\/\/yamaha-music-school-saint-germain.fr\/site\/wp-json\/wp\/v2\/pages"}],"about":[{"href":"http:\/\/yamaha-music-school-saint-germain.fr\/site\/wp-json\/wp\/v2\/types\/page"}],"author":[{"embeddable":true,"href":"http:\/\/yamaha-music-school-saint-germain.fr\/site\/wp-json\/wp\/v2\/users\/1"}],"replies":[{"embeddable":true,"href":"http:\/\/yamaha-music-school-saint-germain.fr\/site\/wp-json\/wp\/v2\/comments?post=3"}],"version-history":[{"count":12,"href":"http:\/\/yamaha-music-school-saint-germain.fr\/site\/wp-json\/wp\/v2\/pages\/3\/revisions"}],"predecessor-version":[{"id":2134,"href":"http:\/\/yamaha-music-school-saint-germain.fr\/site\/wp-json\/wp\/v2\/pages\/3\/revisions\/2134"}],"wp:attachment":[{"href":"http:\/\/yamaha-music-school-saint-germain.fr\/site\/wp-json\/wp\/v2\/media?parent=3"}],"curies":[{"name":"wp","href":"https:\/\/api.w.org\/{rel}","templated":true}]}}