{"id":1167,"date":"2019-03-16T18:08:06","date_gmt":"2019-03-16T17:08:06","guid":{"rendered":"http:\/\/www.yamaha-music-school-colmar.com\/site\/?page_id=1167"},"modified":"2021-09-08T11:17:03","modified_gmt":"2021-09-08T09:17:03","slug":"cours-pour-enfants","status":"publish","type":"page","link":"http:\/\/yamaha-music-school-saint-germain.fr\/site\/cours-pour-enfants\/","title":{"rendered":"COURS POUR ENFANTS"},"content":{"rendered":"\n<section class=\"wp-block-uagb-section uagb-section__wrap uagb-section__background-image uagb-block-e982b7da\"><div class=\"uagb-section__overlay\"><\/div><div class=\"uagb-section__inner-wrap\">\n<div class=\"wp-block-uagb-advanced-heading uagb-block-e295cabc\"><h1 class=\"uagb-heading-text\">COURS POUR ENFANTS<\/h1><p class=\"uagb-desc-text\"><\/p><\/div>\n<\/div><\/section>\n\n\n\n<p class=\"has-text-align-center\"><strong>Cours pour enfants<\/strong><br>  <br>D\u00e8s les premi\u00e8res ann\u00e9es les enfants sont sensibles \u00e0 la musique. Les tout petits connaissent leurs premi\u00e8res exp\u00e9riences musicales, en chantant et mimant les chansons cr\u00e9\u00e9es pour eux. Ces exercices favorisent de mani\u00e8re insidieuse l&rsquo;apprentissage de la parole et du langage. Jusqu&rsquo;\u00e0 l&rsquo;\u00e0ge de 5 ans, le vocabulaire des enfants se d\u00e9veloppe rapidement ainsi que la capacit\u00e9 \u00e0 reconna\u00eetre et \u00e0 analyser les sons. Ecouter de la musique est un moyen efficace pour favoriser ces d\u00e9veloppements, jouant \u00e9galement sur les aptitudes intellectuelles et sociales.  <\/p>\n\n\n\n<div class=\"alignwide wp-block-ugb-image-box ugb-image-box ugb-400ff47 ugb-image-box--v4 ugb-image-box--columns-2 ugb-image-box--design-basic ugb-image-box--align-center ugb-main-block\"><style>.ugb-400ff47 .ugb-image-box__box{border-radius:12px !important}.ugb-400ff47 .ugb-image-box__item{height:400px !important;justify-content:center !important}.ugb-400ff47 .ugb-image-box__item1 .ugb-image-box__image{background-image:url(http:\/\/yamaha-music-school-saint-germain.fr\/site\/wp-content\/uploads\/2019\/04\/piano4ans.jpg)}.ugb-400ff47 .ugb-image-box__item2 .ugb-image-box__image{background-image:url(http:\/\/yamaha-music-school-saint-germain.fr\/site\/wp-content\/uploads\/2019\/04\/piano6ans.jpg)}.ugb-400ff47 .ugb-image-box__item:hover .ugb-image-box__overlay-hover{opacity:0.7 !important}.ugb-400ff47 .ugb-image-box__title{color:#ffffff !important}.ugb-400ff47 .ugb-image-box__description{color:#ffffff !important}.ugb-400ff47 .ugb-inner-block{text-align:center}@media screen and (min-width:768px) and (max-width:1025px){.ugb-400ff47 .ugb-image-box__item{height:300px !important}}@media screen and (max-width:768px){.ugb-400ff47 .ugb-image-box__item{height:300px !important}}<\/style><div class=\"ugb-inner-block\"><div class=\"ugb-block-content\"><div class=\"ugb-image-box__item ugb-image-box__item1 ugb-image-box__box ugb--shadow-3\"><div class=\"ugb-image-box__box ugb-image-box__image-wrapper\"><div class=\"ugb-image-box__box ugb-image-box__image\" role=\"img\" aria-label=\"Junior Music Course\"><\/div><\/div><div class=\"ugb-image-box__box ugb-image-box__overlay-hover\"><\/div><div class=\"ugb-image-box__content\"><div class=\"ugb-image-box__header\"><h4 class=\"ugb-image-box__title\">Junior Music Course<\/h4><\/div><p class=\"ugb-image-box__description\">(de 4 \u00e0 6 ans)<\/p><\/div><a class=\"ugb-image-box__overlay-link\" href=\"http:\/\/yamaha-music-school-saint-germain.fr\/site\/junior-music-course\/\" title=\"Junior Music Course\" aria-label=\"Junior Music Course\"><\/a><\/div><div class=\"ugb-image-box__item ugb-image-box__item2 ugb-image-box__box ugb--shadow-3\"><div class=\"ugb-image-box__box ugb-image-box__image-wrapper\"><div class=\"ugb-image-box__box ugb-image-box__image\" role=\"img\" aria-label=\"Music Adventure\"><\/div><\/div><div class=\"ugb-image-box__box ugb-image-box__overlay-hover\"><\/div><div class=\"ugb-image-box__content\"><div class=\"ugb-image-box__header\"><h4 class=\"ugb-image-box__title\">Music Adventure<\/h4><\/div><p class=\"ugb-image-box__description\">(de 6 \u00e0 8 ans)<\/p><\/div><a class=\"ugb-image-box__overlay-link\" href=\"http:\/\/yamaha-music-school-saint-germain.fr\/site\/music-adventure-2\/\" title=\"Music Adventure\" aria-label=\"Music Adventure\"><\/a><\/div><\/div><\/div><\/div>\n\n\n\n<div class=\"alignwide wp-block-ugb-image-box ugb-image-box ugb-5ee5584 ugb-image-box--v4 ugb-image-box--columns-1 ugb-image-box--design-basic ugb-image-box--align-center ugb-main-block ugb--has-custom-content-width\"><style>.ugb-5ee5584 .ugb-image-box__box{border-radius:12px !important}.ugb-5ee5584 .ugb-image-box__item{height:400px !important;justify-content:center !important}.ugb-5ee5584 .ugb-image-box__item1 .ugb-image-box__image{background-image:url(http:\/\/yamaha-music-school-saint-germain.fr\/site\/wp-content\/uploads\/2019\/10\/Play-for-Keeps.jpg)}.ugb-5ee5584 .ugb-image-box__item2 .ugb-image-box__image{background-image:url(http:\/\/yamaha-music-school-saint-germain.fr\/site\/wp-content\/uploads\/2019\/04\/piano6ans.jpg)}.ugb-5ee5584 .ugb-image-box__item:hover .ugb-image-box__overlay-hover{opacity:0.7 !important}.ugb-5ee5584 .ugb-image-box__title{color:#eeeeee !important}.ugb-5ee5584 .ugb-image-box__description{color:#ffffff !important}.ugb-5ee5584 .ugb-inner-block{text-align:center}.ugb-5ee5584.ugb-image-box > .ugb-inner-block{max-width:960px !important}@media screen and (min-width:768px) and (max-width:1025px){.ugb-5ee5584 .ugb-image-box__item{height:300px !important}}@media screen and (max-width:768px){.ugb-5ee5584 .ugb-image-box__item{height:300px !important}}<\/style><div class=\"ugb-inner-block\"><div class=\"ugb-block-content\"><div class=\"ugb-image-box__item ugb-image-box__item1 ugb-image-box__box ugb--shadow-3\"><div class=\"ugb-image-box__box ugb-image-box__image-wrapper\"><div class=\"ugb-image-box__box ugb-image-box__image\" role=\"img\" aria-label=\" Play for keeps \"><\/div><\/div><div class=\"ugb-image-box__box ugb-image-box__overlay-hover\"><\/div><div class=\"ugb-image-box__content\"><div class=\"ugb-image-box__header\"><h4 class=\"ugb-image-box__title\"> Play for keeps <\/h4><\/div><p class=\"ugb-image-box__description\">(A partir de 8 ans)<\/p><\/div><a class=\"ugb-image-box__overlay-link\" href=\"http:\/\/yamaha-music-school-saint-germain.fr\/site\/play-for-keeps\/\" title=\" Play for keeps \" aria-label=\" Play for keeps \"><\/a><\/div><\/div><\/div><\/div>\n\n\n\n<section class=\"wp-block-uagb-section uagb-section__wrap uagb-section__background-image uagb-block-66f86aa3\"><div class=\"uagb-section__overlay\"><\/div><div class=\"uagb-section__inner-wrap\">\n<div class=\"wp-block-columns has-3-columns is-layout-flex wp-container-core-columns-is-layout-9d6595d7 wp-block-columns-is-layout-flex\">\n<div class=\"wp-block-column is-layout-flow wp-block-column-is-layout-flow\">\n<div class=\"wp-block-uagb-advanced-heading uagb-block-a8b59060\"><h4 class=\"uagb-heading-text\"><a href=\"http:\/\/yamaha-music-school-saint-germain.fr\/site\/junior-original-concert\/\">Junior original concert<\/a><\/h4><p class=\"uagb-desc-text\"> <\/p><\/div>\n\n\n\n<div class=\"wp-block-uagb-advanced-heading uagb-block-8629c626\"><h4 class=\"uagb-heading-text\"><a href=\"http:\/\/yamaha-music-school-saint-germain.fr\/site\/cours-2\/\">Examens de grade<\/a><\/h4><p class=\"uagb-desc-text\"> <\/p><\/div>\n\n\n\n<div class=\"wp-block-uagb-advanced-heading uagb-block-b3823b0f\"><h4 class=\"uagb-heading-text\"> <a href=\"http:\/\/yamaha-music-school-saint-germain.fr\/site\/contact\/\">Contact<\/a><\/h4><p class=\"uagb-desc-text\"> <\/p><\/div>\n\n\n\n<div class=\"wp-block-uagb-advanced-heading uagb-block-2384b8ba\"><h4 class=\"uagb-heading-text\"><a href=\"http:\/\/yamaha-music-school-saint-germain.fr\/site\/politique-de-confidentialite\/\">Mentions l\u00e9gales<\/a><\/h4><p class=\"uagb-desc-text\"> <\/p><\/div>\n\n\n\n<p><\/p>\n<\/div>\n\n\n\n<div class=\"wp-block-column is-layout-flow wp-block-column-is-layout-flow\">\n<div class=\"wp-block-uagb-advanced-heading uagb-block-57e26b17\"><h4 class=\"uagb-heading-text\"><a href=\"http:\/\/yamaha-music-school-saint-germain.fr\/site\/cours-pour-enfants\/\">Cours pour enfants<\/a><\/h4><p class=\"uagb-desc-text\">  <\/p><\/div>\n\n\n\n<div class=\"wp-block-uagb-advanced-heading uagb-block-cc231bc1\"><h4 class=\"uagb-heading-text\"><a href=\"http:\/\/yamaha-music-school-saint-germain.fr\/site\/piano\/\">Cours pour Adolescents \/ Adultes<\/a><\/h4><p class=\"uagb-desc-text\">  <\/p><\/div>\n\n\n\n<div class=\"wp-block-uagb-advanced-heading uagb-block-4c81b55f\"><h4 class=\"uagb-heading-text\"><a href=\"http:\/\/yamaha-music-school-saint-germain.fr\/site\/nos-professeurs\/\">Professeur<\/a><\/h4><p class=\"uagb-desc-text\">  <\/p><\/div>\n\n\n\n<div class=\"wp-block-uagb-advanced-heading uagb-block-6c4efeec\"><h4 class=\"uagb-heading-text\"><a href=\"http:\/\/yamaha-music-school-saint-germain.fr\/site\/contact\/\">Horaires<\/a><\/h4><p class=\"uagb-desc-text\">  <\/p><\/div>\n\n\n\n<p><\/p>\n<\/div>\n\n\n\n<div class=\"wp-block-column is-layout-flow wp-block-column-is-layout-flow\">\n<figure class=\"wp-block-image\"><img loading=\"lazy\" decoding=\"async\" width=\"628\" height=\"141\" src=\"http:\/\/yamaha-music-school-saint-germain.fr\/site\/wp-content\/uploads\/2019\/03\/yms_logo_big.png\" alt=\"\" class=\"wp-image-1050\" srcset=\"http:\/\/yamaha-music-school-saint-germain.fr\/site\/wp-content\/uploads\/2019\/03\/yms_logo_big.png 628w, http:\/\/yamaha-music-school-saint-germain.fr\/site\/wp-content\/uploads\/2019\/03\/yms_logo_big-300x67.png 300w\" sizes=\"auto, (max-width: 628px) 100vw, 628px\" \/><\/figure>\n\n\n\n<div class=\"wp-block-uagb-advanced-heading uagb-block-7a066e3e\"><h4 class=\"uagb-heading-text\">Contacts<\/h4><p class=\"uagb-desc-text\"> <\/p><\/div>\n\n\n\n<div class=\"wp-block-uagb-icon-list uagb-block-b1f2c710 uagb-icon-list__outer-wrap uagb-icon-list__layout-vertical uagb-icon-list__icon-at-top\"><div class=\"uagb-icon-list__wrap\">\n<div class=\"wp-block-uagb-icon-list-child uagb-block-a454a9aa uagb-icon-list-repeater uagb-icon-list__wrapper\"><span class=\"uagb-icon-list__source-wrap\"><svg xmlns=\"https:\/\/www.w3.org\/2000\/svg\" viewbox=\"0 0 384 512\"><path d=\"M168.3 499.2C116.1 435 0 279.4 0 192C0 85.96 85.96 0 192 0C298 0 384 85.96 384 192C384 279.4 267 435 215.7 499.2C203.4 514.5 180.6 514.5 168.3 499.2H168.3zM192 256C227.3 256 256 227.3 256 192C256 156.7 227.3 128 192 128C156.7 128 128 156.7 128 192C128 227.3 156.7 256 192 256z\"><\/path><\/svg><\/span><span class=\"uagb-icon-list__label\"> PIANOS DAUDE<br>11 rue du Vieil Abreuvoir<br>78100 Saint Germain en Laye <\/span><\/div>\n\n\n\n<div class=\"wp-block-uagb-icon-list-child uagb-block-4dd6c774 uagb-icon-list-repeater uagb-icon-list__wrapper\"><span class=\"uagb-icon-list__source-wrap\"><svg xmlns=\"https:\/\/www.w3.org\/2000\/svg\" viewbox=\"0 0 512 512\"><path d=\"M511.2 387l-23.25 100.8c-3.266 14.25-15.79 24.22-30.46 24.22C205.2 512 0 306.8 0 54.5c0-14.66 9.969-27.2 24.22-30.45l100.8-23.25C139.7-2.602 154.7 5.018 160.8 18.92l46.52 108.5c5.438 12.78 1.77 27.67-8.98 36.45L144.5 207.1c33.98 69.22 90.26 125.5 159.5 159.5l44.08-53.8c8.688-10.78 23.69-14.51 36.47-8.975l108.5 46.51C506.1 357.2 514.6 372.4 511.2 387z\"><\/path><\/svg><\/span><span class=\"uagb-icon-list__label\"> <strong>01 39 73 54 91<\/strong>  <\/span><\/div>\n\n\n\n<div class=\"wp-block-uagb-icon-list-child uagb-block-c6b54682 uagb-icon-list-repeater uagb-icon-list__wrapper\"><span class=\"uagb-icon-list__source-wrap\"><svg xmlns=\"https:\/\/www.w3.org\/2000\/svg\" viewbox=\"0 0 512 512\"><path d=\"M493.6 163c-24.88-19.62-45.5-35.37-164.3-121.6C312.7 29.21 279.7 0 256.4 0H255.6C232.3 0 199.3 29.21 182.6 41.38c-118.8 86.25-139.4 101.1-164.3 121.6C6.75 172 0 186 0 200.8v263.2C0 490.5 21.49 512 48 512h416c26.51 0 48-21.49 48-47.1V200.8C512 186 505.3 172 493.6 163zM303.2 367.5C289.1 378.5 272.5 384 256 384s-33.06-5.484-47.16-16.47L64 254.9V208.5c21.16-16.59 46.48-35.66 156.4-115.5c3.18-2.328 6.891-5.187 10.98-8.353C236.9 80.44 247.8 71.97 256 66.84c8.207 5.131 19.14 13.6 24.61 17.84c4.09 3.166 7.801 6.027 11.15 8.478C400.9 172.5 426.6 191.7 448 208.5v46.32L303.2 367.5z\"><\/path><\/svg><\/span><span class=\"uagb-icon-list__label\"> <a href=\"mailto:pianodaude@free.fr?subject=Depuis%20votre%20site\">pianodaude@free.fr<\/a> <a href=\"mailto:ymscolmar@gmail.com\"> <\/a> <\/span><\/div>\n<\/div><\/div>\n<\/div>\n<\/div>\n\n\n\n<div style=\"height:30px\" aria-hidden=\"true\" class=\"wp-block-spacer\"><\/div>\n\n\n\n<hr class=\"wp-block-separator is-style-wide\"\/>\n\n\n\n<div style=\"height:20px\" aria-hidden=\"true\" class=\"wp-block-spacer\"><\/div>\n\n\n\n<p><\/p>\n<\/div><\/section>\n","protected":false},"excerpt":{"rendered":"<p>Cours pour enfants D\u00e8s les premi\u00e8res ann\u00e9es les enfants sont sensibles \u00e0 la musique. Les tout petits connaissent leurs premi\u00e8res exp\u00e9riences musicales, en chantant et mimant les chansons cr\u00e9\u00e9es pour eux. Ces exercices favorisent de mani\u00e8re insidieuse l&rsquo;apprentissage de la parole et du langage. Jusqu&rsquo;\u00e0 l&rsquo;\u00e0ge de 5 ans, le vocabulaire des enfants se d\u00e9veloppe &hellip;<\/p>\n<p class=\"read-more\"> <a class=\"\" href=\"http:\/\/yamaha-music-school-saint-germain.fr\/site\/cours-pour-enfants\/\"> <span class=\"screen-reader-text\">COURS POUR ENFANTS<\/span> Lire la suite\u00a0\u00bb<\/a><\/p>\n","protected":false},"author":1,"featured_media":0,"parent":0,"menu_order":0,"comment_status":"closed","ping_status":"closed","template":"","meta":{"_uag_custom_page_level_css":"","site-sidebar-layout":"no-sidebar","site-content-layout":"page-builder","ast-main-header-display":"","ast-hfb-above-header-display":"","ast-hfb-below-header-display":"","ast-hfb-mobile-header-display":"","site-post-title":"disabled","ast-breadcrumbs-content":"","ast-featured-img":"disabled","footer-sml-layout":"","theme-transparent-header-meta":"enabled","adv-header-id-meta":"","stick-header-meta":"","header-above-stick-meta":"","header-main-stick-meta":"","header-below-stick-meta":"","_themeisle_gutenberg_block_has_review":false,"footnotes":""},"class_list":["post-1167","page","type-page","status-publish","hentry"],"featured_image_urls_v2":{"full":"","thumbnail":"","medium":"","medium_large":"","large":"","1536x1536":"","2048x2048":""},"post_excerpt_stackable_v2":"<p>COURS POUR ENFANTS Cours pour enfants D\u00e8s les premi\u00e8res ann\u00e9es les enfants sont sensibles \u00e0 la musique. Les tout petits connaissent leurs premi\u00e8res exp\u00e9riences musicales, en chantant et mimant les chansons cr\u00e9\u00e9es pour eux. Ces exercices favorisent de mani\u00e8re insidieuse l&rsquo;apprentissage de la parole et du langage. Jusqu&rsquo;\u00e0 l&rsquo;\u00e0ge de 5 ans, le vocabulaire des enfants se d\u00e9veloppe rapidement ainsi que la capacit\u00e9 \u00e0 reconna\u00eetre et \u00e0 analyser les sons. Ecouter de la musique est un moyen efficace pour favoriser ces d\u00e9veloppements, jouant \u00e9galement sur les aptitudes intellectuelles et sociales. Junior Music Course(de 4 \u00e0 6 ans)Music Adventure(de 6 \u00e0\u2026<\/p>\n","category_list_v2":"","author_info_v2":{"name":"YMS DAUDE","url":"http:\/\/yamaha-music-school-saint-germain.fr\/site\/author\/jmgc59\/"},"comments_num_v2":"0 commentaire","uagb_featured_image_src":{"full":false,"thumbnail":false,"medium":false,"medium_large":false,"large":false,"1536x1536":false,"2048x2048":false},"uagb_author_info":{"display_name":"YMS DAUDE","author_link":"http:\/\/yamaha-music-school-saint-germain.fr\/site\/author\/jmgc59\/"},"uagb_comment_info":0,"uagb_excerpt":"Cours pour enfants D\u00e8s les premi\u00e8res ann\u00e9es les enfants sont sensibles \u00e0 la musique. Les tout petits connaissent leurs premi\u00e8res exp\u00e9riences musicales, en chantant et mimant les chansons cr\u00e9\u00e9es pour eux. Ces exercices favorisent de mani\u00e8re insidieuse l&rsquo;apprentissage de la parole et du langage. Jusqu&rsquo;\u00e0 l&rsquo;\u00e0ge de 5 ans, le vocabulaire des enfants se d\u00e9veloppe\u2026","_links":{"self":[{"href":"http:\/\/yamaha-music-school-saint-germain.fr\/site\/wp-json\/wp\/v2\/pages\/1167","targetHints":{"allow":["GET"]}}],"collection":[{"href":"http:\/\/yamaha-music-school-saint-germain.fr\/site\/wp-json\/wp\/v2\/pages"}],"about":[{"href":"http:\/\/yamaha-music-school-saint-germain.fr\/site\/wp-json\/wp\/v2\/types\/page"}],"author":[{"embeddable":true,"href":"http:\/\/yamaha-music-school-saint-germain.fr\/site\/wp-json\/wp\/v2\/users\/1"}],"replies":[{"embeddable":true,"href":"http:\/\/yamaha-music-school-saint-germain.fr\/site\/wp-json\/wp\/v2\/comments?post=1167"}],"version-history":[{"count":32,"href":"http:\/\/yamaha-music-school-saint-germain.fr\/site\/wp-json\/wp\/v2\/pages\/1167\/revisions"}],"predecessor-version":[{"id":2029,"href":"http:\/\/yamaha-music-school-saint-germain.fr\/site\/wp-json\/wp\/v2\/pages\/1167\/revisions\/2029"}],"wp:attachment":[{"href":"http:\/\/yamaha-music-school-saint-germain.fr\/site\/wp-json\/wp\/v2\/media?parent=1167"}],"curies":[{"name":"wp","href":"https:\/\/api.w.org\/{rel}","templated":true}]}}